{"id":1201,"date":"2018-03-02T15:11:15","date_gmt":"2018-03-02T14:11:15","guid":{"rendered":"http:\/\/www.katharinakrebs.de\/kk_cms\/?page_id=1201"},"modified":"2018-03-08T13:23:03","modified_gmt":"2018-03-08T12:23:03","slug":"home-2-2","status":"publish","type":"page","link":"https:\/\/www.katharinakrebs.de\/?page_id=1201","title":{"rendered":"Impressum"},"content":{"rendered":"<p><div class=\"fusion-fullwidth fullwidth-box fusion-builder-row-1 nonhundred-percent-fullwidth non-hundred-percent-height-scrolling fusion-equal-height-columns\" style=\"--awb-background-position:left top;--awb-border-radius-top-left:0px;--awb-border-radius-top-right:0px;--awb-border-radius-bottom-right:0px;--awb-border-radius-bottom-left:0px;--awb-padding-right:50px;--awb-padding-bottom:5px;--awb-padding-left:50px;--awb-background-color:#bfba01;--awb-border-sizes-top:0px;--awb-border-sizes-bottom:0px;--awb-flex-wrap:wrap;\" ><div class=\"fusion-builder-row fusion-row\"><div class=\"fusion-layout-column fusion_builder_column fusion-builder-column-0 fusion_builder_column_1_1 1_1 fusion-one-full fusion-column-first fusion-column-last\" style=\"--awb-bg-size:cover;--awb-margin-bottom:0px;\"><div class=\"fusion-column-wrapper fusion-flex-column-wrapper-legacy\"><div class=\"fusion-text fusion-text-1\"><h1>Impressum<\/h1>\n<\/div><div class=\"fusion-clearfix\"><\/div><\/div><\/div><\/div><\/div><div class=\"fusion-fullwidth fullwidth-box fusion-builder-row-2 nonhundred-percent-fullwidth non-hundred-percent-height-scrolling\" style=\"--awb-background-position:left top;--awb-border-color:#e2e2e2;--awb-border-radius-top-left:0px;--awb-border-radius-top-right:0px;--awb-border-radius-bottom-right:0px;--awb-border-radius-bottom-left:0px;--awb-padding-top:45px;--awb-padding-right:25px;--awb-padding-bottom:15px;--awb-padding-left:25px;--awb-background-color:rgba(255,255,255,0.5);--awb-border-sizes-top:1px;--awb-border-sizes-bottom:1px;--awb-flex-wrap:wrap;\" ><div class=\"fusion-builder-row fusion-row\"><div class=\"fusion-layout-column fusion_builder_column fusion-builder-column-1 fusion_builder_column_1_2 1_2 fusion-one-half fusion-column-first green-border\" style=\"--awb-padding-right:25px;--awb-padding-bottom:30px;--awb-padding-left:25px;--awb-bg-color:#ffffff;--awb-bg-color-hover:#ffffff;--awb-bg-size:cover;--awb-border-color:#e2e2e2;--awb-border-style:solid;\"><div class=\"fusion-column-wrapper fusion-flex-column-wrapper-legacy\"><div class=\"fusion-text fusion-text-2\"><h3>Katharina Krebs &#8211; HR Projekte<\/h3>\n<p>Lindenschusterweg 5<br \/>\n82024 Taufkirchen<br \/>\nTelefon: 0173- 65 311 64<\/p>\n<p>E-Mail: kontakt(at)katharinakrebs.de<\/p>\n<p><strong>Umsatzsteuer-ID gem\u00e4\u00df \u00a7 27a Umsatzsteuergesetz<\/strong><br \/>\nDE 266 350 758<\/p>\n<p><strong>Inhaltlich Verantwortlicher gem\u00e4\u00df \u00a7 55 Absatz2 RStV:<\/strong><br \/>\nKatharina Krebs<\/p>\n<\/div><div class=\"fusion-clearfix\"><\/div><\/div><\/div><div class=\"fusion-layout-column fusion_builder_column fusion-builder-column-2 fusion_builder_column_1_2 1_2 fusion-one-half fusion-column-last green-border\" style=\"--awb-padding-right:25px;--awb-padding-bottom:30px;--awb-padding-left:25px;--awb-bg-color:#ffffff;--awb-bg-color-hover:#ffffff;--awb-bg-size:cover;--awb-border-color:#e2e2e2;--awb-border-style:solid;\"><div class=\"fusion-column-wrapper fusion-flex-column-wrapper-legacy\"><div class=\"fusion-text fusion-text-3\"><h3>Haftungshinweis<\/h3>\n<p>Alle Angaben auf dieser Internetpr\u00e4senz sind ohne Gew\u00e4hr. Wir pr\u00fcfen und aktualisieren die Informationen auf unseren Webseiten regelm\u00e4\u00dfig. Trotz aller Sorgfalt k\u00f6nnen sich die Daten zwischenzeitlich ver\u00e4ndert haben. Eine Haftung oder Garantie f\u00fcr die Aktualit\u00e4t, Richtigkeit und Vollst\u00e4ndigkeit der Informationen k\u00f6nnen wir daher nicht \u00fcbernehmen.<\/p>\n<p>Trotz sorgf\u00e4ltiger inhaltlicher Kontrolle \u00fcbernehmen wir keine Haftung f\u00fcr die Inhalte externer Links. F\u00fcr Inhalte der verlinkten Seiten sind ausschlie\u00dflich deren Betreiber verantwortlich.<\/p>\n<\/div><div class=\"fusion-clearfix\"><\/div><\/div><\/div><\/div><\/div><\/p>\n","protected":false},"excerpt":{"rendered":"","protected":false},"author":1,"featured_media":0,"parent":0,"menu_order":0,"comment_status":"open","ping_status":"open","template":"100-width.php","meta":{"footnotes":""},"class_list":["post-1201","page","type-page","status-publish","hentry"],"_links":{"self":[{"href":"https:\/\/www.katharinakrebs.de\/index.php?rest_route=\/wp\/v2\/pages\/1201","targetHints":{"allow":["GET"]}}],"collection":[{"href":"https:\/\/www.katharinakrebs.de\/index.php?rest_route=\/wp\/v2\/pages"}],"about":[{"href":"https:\/\/www.katharinakrebs.de\/index.php?rest_route=\/wp\/v2\/types\/page"}],"author":[{"embeddable":true,"href":"https:\/\/www.katharinakrebs.de\/index.php?rest_route=\/wp\/v2\/users\/1"}],"replies":[{"embeddable":true,"href":"https:\/\/www.katharinakrebs.de\/index.php?rest_route=%2Fwp%2Fv2%2Fcomments&post=1201"}],"version-history":[{"count":2,"href":"https:\/\/www.katharinakrebs.de\/index.php?rest_route=\/wp\/v2\/pages\/1201\/revisions"}],"predecessor-version":[{"id":1233,"href":"https:\/\/www.katharinakrebs.de\/index.php?rest_route=\/wp\/v2\/pages\/1201\/revisions\/1233"}],"wp:attachment":[{"href":"https:\/\/www.katharinakrebs.de\/index.php?rest_route=%2Fwp%2Fv2%2Fmedia&parent=1201"}],"curies":[{"name":"wp","href":"https:\/\/api.w.org\/{rel}","templated":true}]}}